{"id":1686,"date":"2020-08-01T23:32:00","date_gmt":"2020-08-01T21:32:00","guid":{"rendered":"https:\/\/frenchpleinairpainters.com\/?page_id=1686"},"modified":"2020-08-24T00:37:46","modified_gmt":"2020-08-23T22:37:46","slug":"anna-filimonova-presente-festival-international-de-peinture-sur-grand-format-en-plein-air-27-30-aout-2020-a-paris","status":"publish","type":"page","link":"https:\/\/frenchpleinairpainters.com\/index.php\/anna-filimonova-presente-festival-international-de-peinture-sur-grand-format-en-plein-air-27-30-aout-2020-a-paris\/","title":{"rendered":"Anna Filimonova pr\u00e9sente le Festival International de peinture sur grand format en plein air du 27 au 30 ao\u00fbt 2020 \u00e0 Paris"},"content":{"rendered":"Click on the poster to go to English page Chers Amis, c&rsquo;est avec un grand plaisir et fiert\u00e9 que je vous adresse notre nouvelle lettre d&rsquo;informations \/ newsletter, premi\u00e8re depuis <a href=\"https:\/\/frenchpleinairpainters.com\/index.php\/anna-filimonova-presente-festival-international-de-peinture-sur-grand-format-en-plein-air-27-30-aout-2020-a-paris\/\" class=\"more-link\">(suite\u2026)<\/a>","protected":false},"excerpt":{"rendered":"<p>Click on the poster to go to English page Chers Amis, c&rsquo;est avec un grand plaisir et fiert\u00e9 que je vous adresse notre nouvelle lettre d&rsquo;informations \/ newsletter, premi\u00e8re depuis (suite\u2026)<\/p>\n","protected":false},"author":2,"featured_media":0,"parent":0,"menu_order":0,"comment_status":"closed","ping_status":"closed","template":"","meta":{"footnotes":""},"class_list":["post-1686","page","type-page","status-publish","hentry"],"yoast_head":"<!-- This site is optimized with the Yoast SEO plugin v27.3 - https:\/\/yoast.com\/product\/yoast-seo-wordpress\/ -->\n<title>Anna Filimonova pr\u00e9sente le Festival International de peinture sur grand format en plein air du 27 au 30 ao\u00fbt 2020 \u00e0 Paris - French Plein Air Painters \u00a9<\/title>\n<meta name=\"robots\" content=\"index, follow, max-snippet:-1, max-image-preview:large, max-video-preview:-1\" \/>\n<link rel=\"canonical\" href=\"https:\/\/frenchpleinairpainters.com\/index.php\/anna-filimonova-presente-festival-international-de-peinture-sur-grand-format-en-plein-air-27-30-aout-2020-a-paris\/\" \/>\n<meta property=\"og:locale\" content=\"fr_FR\" \/>\n<meta property=\"og:type\" content=\"article\" \/>\n<meta property=\"og:title\" content=\"Anna Filimonova pr\u00e9sente le Festival International de peinture sur grand format en plein air du 27 au 30 ao\u00fbt 2020 \u00e0 Paris - French Plein Air Painters \u00a9\" \/>\n<meta property=\"og:description\" content=\"Click on the poster to go to English page Chers Amis, c&rsquo;est avec un grand plaisir et fiert\u00e9 que je vous adresse notre nouvelle lettre d&rsquo;informations \/ newsletter, premi\u00e8re depuis (suite\u2026)\" \/>\n<meta property=\"og:url\" content=\"https:\/\/frenchpleinairpainters.com\/index.php\/anna-filimonova-presente-festival-international-de-peinture-sur-grand-format-en-plein-air-27-30-aout-2020-a-paris\/\" \/>\n<meta property=\"og:site_name\" content=\"French Plein Air Painters \u00a9\" \/>\n<meta property=\"article:modified_time\" content=\"2020-08-23T22:37:46+00:00\" \/>\n<meta property=\"og:image\" content=\"https:\/\/frenchpleinairpainters.com\/wp-content\/uploads\/2020\/08\/fest-FR_2-0K-AOUT-2020_fr.jpg\" \/>\n<meta name=\"twitter:card\" content=\"summary_large_image\" \/>\n<meta name=\"twitter:label1\" content=\"Dur\u00e9e de lecture estim\u00e9e\" \/>\n\t<meta name=\"twitter:data1\" content=\"5 minutes\" \/>\n<script type=\"application\/ld+json\" class=\"yoast-schema-graph\">{\"@context\":\"https:\\\/\\\/schema.org\",\"@graph\":[{\"@type\":\"WebPage\",\"@id\":\"https:\\\/\\\/frenchpleinairpainters.com\\\/index.php\\\/anna-filimonova-presente-festival-international-de-peinture-sur-grand-format-en-plein-air-27-30-aout-2020-a-paris\\\/\",\"url\":\"https:\\\/\\\/frenchpleinairpainters.com\\\/index.php\\\/anna-filimonova-presente-festival-international-de-peinture-sur-grand-format-en-plein-air-27-30-aout-2020-a-paris\\\/\",\"name\":\"Anna Filimonova pr\u00e9sente le Festival International de peinture sur grand format en plein air du 27 au 30 ao\u00fbt 2020 \u00e0 Paris - French Plein Air Painters \u00a9\",\"isPartOf\":{\"@id\":\"https:\\\/\\\/frenchpleinairpainters.com\\\/#website\"},\"primaryImageOfPage\":{\"@id\":\"https:\\\/\\\/frenchpleinairpainters.com\\\/index.php\\\/anna-filimonova-presente-festival-international-de-peinture-sur-grand-format-en-plein-air-27-30-aout-2020-a-paris\\\/#primaryimage\"},\"image\":{\"@id\":\"https:\\\/\\\/frenchpleinairpainters.com\\\/index.php\\\/anna-filimonova-presente-festival-international-de-peinture-sur-grand-format-en-plein-air-27-30-aout-2020-a-paris\\\/#primaryimage\"},\"thumbnailUrl\":\"https:\\\/\\\/frenchpleinairpainters.com\\\/wp-content\\\/uploads\\\/2020\\\/08\\\/fest-FR_2-0K-AOUT-2020_fr.jpg\",\"datePublished\":\"2020-08-01T21:32:00+00:00\",\"dateModified\":\"2020-08-23T22:37:46+00:00\",\"breadcrumb\":{\"@id\":\"https:\\\/\\\/frenchpleinairpainters.com\\\/index.php\\\/anna-filimonova-presente-festival-international-de-peinture-sur-grand-format-en-plein-air-27-30-aout-2020-a-paris\\\/#breadcrumb\"},\"inLanguage\":\"fr-FR\",\"potentialAction\":[{\"@type\":\"ReadAction\",\"target\":[\"https:\\\/\\\/frenchpleinairpainters.com\\\/index.php\\\/anna-filimonova-presente-festival-international-de-peinture-sur-grand-format-en-plein-air-27-30-aout-2020-a-paris\\\/\"]}]},{\"@type\":\"ImageObject\",\"inLanguage\":\"fr-FR\",\"@id\":\"https:\\\/\\\/frenchpleinairpainters.com\\\/index.php\\\/anna-filimonova-presente-festival-international-de-peinture-sur-grand-format-en-plein-air-27-30-aout-2020-a-paris\\\/#primaryimage\",\"url\":\"https:\\\/\\\/frenchpleinairpainters.com\\\/wp-content\\\/uploads\\\/2020\\\/08\\\/fest-FR_2-0K-AOUT-2020_fr.jpg\",\"contentUrl\":\"https:\\\/\\\/frenchpleinairpainters.com\\\/wp-content\\\/uploads\\\/2020\\\/08\\\/fest-FR_2-0K-AOUT-2020_fr.jpg\"},{\"@type\":\"BreadcrumbList\",\"@id\":\"https:\\\/\\\/frenchpleinairpainters.com\\\/index.php\\\/anna-filimonova-presente-festival-international-de-peinture-sur-grand-format-en-plein-air-27-30-aout-2020-a-paris\\\/#breadcrumb\",\"itemListElement\":[{\"@type\":\"ListItem\",\"position\":1,\"name\":\"Accueil\",\"item\":\"https:\\\/\\\/frenchpleinairpainters.com\\\/index.php\\\/en\\\/\"},{\"@type\":\"ListItem\",\"position\":2,\"name\":\"Anna Filimonova pr\u00e9sente le Festival International de peinture sur grand format en plein air du 27 au 30 ao\u00fbt 2020 \u00e0 Paris\"}]},{\"@type\":\"WebSite\",\"@id\":\"https:\\\/\\\/frenchpleinairpainters.com\\\/#website\",\"url\":\"https:\\\/\\\/frenchpleinairpainters.com\\\/\",\"name\":\"French Plein Air Painters \u00a9\",\"description\":\"En France nombreux artistes peignent en plein air d\u2019apr\u00e8s la tradition artistique qui remonte m\u00eame au del\u00e0 des Impressionnistes.\",\"publisher\":{\"@id\":\"https:\\\/\\\/frenchpleinairpainters.com\\\/#organization\"},\"potentialAction\":[{\"@type\":\"SearchAction\",\"target\":{\"@type\":\"EntryPoint\",\"urlTemplate\":\"https:\\\/\\\/frenchpleinairpainters.com\\\/?s={search_term_string}\"},\"query-input\":{\"@type\":\"PropertyValueSpecification\",\"valueRequired\":true,\"valueName\":\"search_term_string\"}}],\"inLanguage\":\"fr-FR\"},{\"@type\":\"Organization\",\"@id\":\"https:\\\/\\\/frenchpleinairpainters.com\\\/#organization\",\"name\":\"Association Festival Cultures Crois\u00e9es \u2013 AFCC\",\"url\":\"https:\\\/\\\/frenchpleinairpainters.com\\\/\",\"logo\":{\"@type\":\"ImageObject\",\"inLanguage\":\"fr-FR\",\"@id\":\"https:\\\/\\\/frenchpleinairpainters.com\\\/#\\\/schema\\\/logo\\\/image\\\/\",\"url\":\"https:\\\/\\\/frenchpleinairpainters.com\\\/wp-content\\\/uploads\\\/2019\\\/10\\\/AFCC_logo2008_BLANCJPG.jpg\",\"contentUrl\":\"https:\\\/\\\/frenchpleinairpainters.com\\\/wp-content\\\/uploads\\\/2019\\\/10\\\/AFCC_logo2008_BLANCJPG.jpg\",\"width\":654,\"height\":741,\"caption\":\"Association Festival Cultures Crois\u00e9es \u2013 AFCC\"},\"image\":{\"@id\":\"https:\\\/\\\/frenchpleinairpainters.com\\\/#\\\/schema\\\/logo\\\/image\\\/\"}}]}<\/script>\n<!-- \/ Yoast SEO plugin. -->","yoast_head_json":{"title":"Anna Filimonova pr\u00e9sente le Festival International de peinture sur grand format en plein air du 27 au 30 ao\u00fbt 2020 \u00e0 Paris - French Plein Air Painters \u00a9","robots":{"index":"index","follow":"follow","max-snippet":"max-snippet:-1","max-image-preview":"max-image-preview:large","max-video-preview":"max-video-preview:-1"},"canonical":"https:\/\/frenchpleinairpainters.com\/index.php\/anna-filimonova-presente-festival-international-de-peinture-sur-grand-format-en-plein-air-27-30-aout-2020-a-paris\/","og_locale":"fr_FR","og_type":"article","og_title":"Anna Filimonova pr\u00e9sente le Festival International de peinture sur grand format en plein air du 27 au 30 ao\u00fbt 2020 \u00e0 Paris - French Plein Air Painters \u00a9","og_description":"Click on the poster to go to English page Chers Amis, c&rsquo;est avec un grand plaisir et fiert\u00e9 que je vous adresse notre nouvelle lettre d&rsquo;informations \/ newsletter, premi\u00e8re depuis (suite\u2026)","og_url":"https:\/\/frenchpleinairpainters.com\/index.php\/anna-filimonova-presente-festival-international-de-peinture-sur-grand-format-en-plein-air-27-30-aout-2020-a-paris\/","og_site_name":"French Plein Air Painters \u00a9","article_modified_time":"2020-08-23T22:37:46+00:00","og_image":[{"url":"https:\/\/frenchpleinairpainters.com\/wp-content\/uploads\/2020\/08\/fest-FR_2-0K-AOUT-2020_fr.jpg","type":"","width":"","height":""}],"twitter_card":"summary_large_image","twitter_misc":{"Dur\u00e9e de lecture estim\u00e9e":"5 minutes"},"schema":{"@context":"https:\/\/schema.org","@graph":[{"@type":"WebPage","@id":"https:\/\/frenchpleinairpainters.com\/index.php\/anna-filimonova-presente-festival-international-de-peinture-sur-grand-format-en-plein-air-27-30-aout-2020-a-paris\/","url":"https:\/\/frenchpleinairpainters.com\/index.php\/anna-filimonova-presente-festival-international-de-peinture-sur-grand-format-en-plein-air-27-30-aout-2020-a-paris\/","name":"Anna Filimonova pr\u00e9sente le Festival International de peinture sur grand format en plein air du 27 au 30 ao\u00fbt 2020 \u00e0 Paris - French Plein Air Painters \u00a9","isPartOf":{"@id":"https:\/\/frenchpleinairpainters.com\/#website"},"primaryImageOfPage":{"@id":"https:\/\/frenchpleinairpainters.com\/index.php\/anna-filimonova-presente-festival-international-de-peinture-sur-grand-format-en-plein-air-27-30-aout-2020-a-paris\/#primaryimage"},"image":{"@id":"https:\/\/frenchpleinairpainters.com\/index.php\/anna-filimonova-presente-festival-international-de-peinture-sur-grand-format-en-plein-air-27-30-aout-2020-a-paris\/#primaryimage"},"thumbnailUrl":"https:\/\/frenchpleinairpainters.com\/wp-content\/uploads\/2020\/08\/fest-FR_2-0K-AOUT-2020_fr.jpg","datePublished":"2020-08-01T21:32:00+00:00","dateModified":"2020-08-23T22:37:46+00:00","breadcrumb":{"@id":"https:\/\/frenchpleinairpainters.com\/index.php\/anna-filimonova-presente-festival-international-de-peinture-sur-grand-format-en-plein-air-27-30-aout-2020-a-paris\/#breadcrumb"},"inLanguage":"fr-FR","potentialAction":[{"@type":"ReadAction","target":["https:\/\/frenchpleinairpainters.com\/index.php\/anna-filimonova-presente-festival-international-de-peinture-sur-grand-format-en-plein-air-27-30-aout-2020-a-paris\/"]}]},{"@type":"ImageObject","inLanguage":"fr-FR","@id":"https:\/\/frenchpleinairpainters.com\/index.php\/anna-filimonova-presente-festival-international-de-peinture-sur-grand-format-en-plein-air-27-30-aout-2020-a-paris\/#primaryimage","url":"https:\/\/frenchpleinairpainters.com\/wp-content\/uploads\/2020\/08\/fest-FR_2-0K-AOUT-2020_fr.jpg","contentUrl":"https:\/\/frenchpleinairpainters.com\/wp-content\/uploads\/2020\/08\/fest-FR_2-0K-AOUT-2020_fr.jpg"},{"@type":"BreadcrumbList","@id":"https:\/\/frenchpleinairpainters.com\/index.php\/anna-filimonova-presente-festival-international-de-peinture-sur-grand-format-en-plein-air-27-30-aout-2020-a-paris\/#breadcrumb","itemListElement":[{"@type":"ListItem","position":1,"name":"Accueil","item":"https:\/\/frenchpleinairpainters.com\/index.php\/en\/"},{"@type":"ListItem","position":2,"name":"Anna Filimonova pr\u00e9sente le Festival International de peinture sur grand format en plein air du 27 au 30 ao\u00fbt 2020 \u00e0 Paris"}]},{"@type":"WebSite","@id":"https:\/\/frenchpleinairpainters.com\/#website","url":"https:\/\/frenchpleinairpainters.com\/","name":"French Plein Air Painters \u00a9","description":"En France nombreux artistes peignent en plein air d\u2019apr\u00e8s la tradition artistique qui remonte m\u00eame au del\u00e0 des Impressionnistes.","publisher":{"@id":"https:\/\/frenchpleinairpainters.com\/#organization"},"potentialAction":[{"@type":"SearchAction","target":{"@type":"EntryPoint","urlTemplate":"https:\/\/frenchpleinairpainters.com\/?s={search_term_string}"},"query-input":{"@type":"PropertyValueSpecification","valueRequired":true,"valueName":"search_term_string"}}],"inLanguage":"fr-FR"},{"@type":"Organization","@id":"https:\/\/frenchpleinairpainters.com\/#organization","name":"Association Festival Cultures Crois\u00e9es \u2013 AFCC","url":"https:\/\/frenchpleinairpainters.com\/","logo":{"@type":"ImageObject","inLanguage":"fr-FR","@id":"https:\/\/frenchpleinairpainters.com\/#\/schema\/logo\/image\/","url":"https:\/\/frenchpleinairpainters.com\/wp-content\/uploads\/2019\/10\/AFCC_logo2008_BLANCJPG.jpg","contentUrl":"https:\/\/frenchpleinairpainters.com\/wp-content\/uploads\/2019\/10\/AFCC_logo2008_BLANCJPG.jpg","width":654,"height":741,"caption":"Association Festival Cultures Crois\u00e9es \u2013 AFCC"},"image":{"@id":"https:\/\/frenchpleinairpainters.com\/#\/schema\/logo\/image\/"}}]}},"_links":{"self":[{"href":"https:\/\/frenchpleinairpainters.com\/index.php\/wp-json\/wp\/v2\/pages\/1686","targetHints":{"allow":["GET"]}}],"collection":[{"href":"https:\/\/frenchpleinairpainters.com\/index.php\/wp-json\/wp\/v2\/pages"}],"about":[{"href":"https:\/\/frenchpleinairpainters.com\/index.php\/wp-json\/wp\/v2\/types\/page"}],"author":[{"embeddable":true,"href":"https:\/\/frenchpleinairpainters.com\/index.php\/wp-json\/wp\/v2\/users\/2"}],"replies":[{"embeddable":true,"href":"https:\/\/frenchpleinairpainters.com\/index.php\/wp-json\/wp\/v2\/comments?post=1686"}],"version-history":[{"count":100,"href":"https:\/\/frenchpleinairpainters.com\/index.php\/wp-json\/wp\/v2\/pages\/1686\/revisions"}],"predecessor-version":[{"id":2048,"href":"https:\/\/frenchpleinairpainters.com\/index.php\/wp-json\/wp\/v2\/pages\/1686\/revisions\/2048"}],"wp:attachment":[{"href":"https:\/\/frenchpleinairpainters.com\/index.php\/wp-json\/wp\/v2\/media?parent=1686"}],"curies":[{"name":"wp","href":"https:\/\/api.w.org\/{rel}","templated":true}]}}