{"id":2720,"date":"2020-11-09T10:06:15","date_gmt":"2020-11-09T09:06:15","guid":{"rendered":"https:\/\/frenchpleinairpainters.com\/?page_id=2720"},"modified":"2025-03-29T19:30:15","modified_gmt":"2025-03-29T18:30:15","slug":"frenchpleinairpainters-com-invitation-zoom","status":"publish","type":"page","link":"https:\/\/frenchpleinairpainters.com\/index.php\/frenchpleinairpainters-com-invitation-zoom\/","title":{"rendered":"Frenchpleinairpainters.com Rappel et lien  de la r\u00e9union ZOOM le dimanche 15 novembre \u00e0 11H30"},"content":{"rendered":"&nbsp; &nbsp; Chers Artistes et chers nouveaux Partenaires Bonjour, Vous \u00eates abonn\u00e9s ou en pass de devenir abonn\u00e9s de notre plateforme Je vous invite \u00e0 nous rejoindre notre r\u00e9union dans <a href=\"https:\/\/frenchpleinairpainters.com\/index.php\/frenchpleinairpainters-com-invitation-zoom\/\" class=\"more-link\">(suite\u2026)<\/a>","protected":false},"excerpt":{"rendered":"<p>&nbsp; &nbsp; Chers Artistes et chers nouveaux Partenaires Bonjour, Vous \u00eates abonn\u00e9s ou en pass de devenir abonn\u00e9s de notre plateforme Je vous invite \u00e0 nous rejoindre notre r\u00e9union dans (suite\u2026)<\/p>\n","protected":false},"author":1,"featured_media":0,"parent":0,"menu_order":0,"comment_status":"closed","ping_status":"closed","template":"","meta":{"footnotes":""},"class_list":["post-2720","page","type-page","status-publish","hentry"],"yoast_head":"<!-- This site is optimized with the Yoast SEO plugin v27.3 - https:\/\/yoast.com\/product\/yoast-seo-wordpress\/ -->\n<title>Frenchpleinairpainters.com Rappel et lien de la r\u00e9union ZOOM le dimanche 15 novembre \u00e0 11H30 - French Plein Air Painters \u00a9<\/title>\n<meta name=\"robots\" content=\"index, follow, max-snippet:-1, max-image-preview:large, max-video-preview:-1\" \/>\n<link rel=\"canonical\" href=\"https:\/\/frenchpleinairpainters.com\/index.php\/frenchpleinairpainters-com-invitation-zoom\/\" \/>\n<meta property=\"og:locale\" content=\"fr_FR\" \/>\n<meta property=\"og:type\" content=\"article\" \/>\n<meta property=\"og:title\" content=\"Frenchpleinairpainters.com Rappel et lien de la r\u00e9union ZOOM le dimanche 15 novembre \u00e0 11H30 - French Plein Air Painters \u00a9\" \/>\n<meta property=\"og:description\" content=\"&nbsp; &nbsp; Chers Artistes et chers nouveaux Partenaires Bonjour, Vous \u00eates abonn\u00e9s ou en pass de devenir abonn\u00e9s de notre plateforme Je vous invite \u00e0 nous rejoindre notre r\u00e9union dans (suite\u2026)\" \/>\n<meta property=\"og:url\" content=\"https:\/\/frenchpleinairpainters.com\/index.php\/frenchpleinairpainters-com-invitation-zoom\/\" \/>\n<meta property=\"og:site_name\" content=\"French Plein Air Painters \u00a9\" \/>\n<meta property=\"article:modified_time\" content=\"2025-03-29T18:30:15+00:00\" \/>\n<meta property=\"og:image\" content=\"https:\/\/frenchpleinairpainters.com\/wp-content\/uploads\/2020\/11\/IMG_8232.jpg\" \/>\n<meta name=\"twitter:card\" content=\"summary_large_image\" \/>\n<meta name=\"twitter:label1\" content=\"Dur\u00e9e de lecture estim\u00e9e\" \/>\n\t<meta name=\"twitter:data1\" content=\"2 minutes\" \/>\n<script type=\"application\/ld+json\" class=\"yoast-schema-graph\">{\"@context\":\"https:\\\/\\\/schema.org\",\"@graph\":[{\"@type\":\"WebPage\",\"@id\":\"https:\\\/\\\/frenchpleinairpainters.com\\\/index.php\\\/frenchpleinairpainters-com-invitation-zoom\\\/\",\"url\":\"https:\\\/\\\/frenchpleinairpainters.com\\\/index.php\\\/frenchpleinairpainters-com-invitation-zoom\\\/\",\"name\":\"Frenchpleinairpainters.com Rappel et lien de la r\u00e9union ZOOM le dimanche 15 novembre \u00e0 11H30 - French Plein Air Painters \u00a9\",\"isPartOf\":{\"@id\":\"https:\\\/\\\/frenchpleinairpainters.com\\\/#website\"},\"primaryImageOfPage\":{\"@id\":\"https:\\\/\\\/frenchpleinairpainters.com\\\/index.php\\\/frenchpleinairpainters-com-invitation-zoom\\\/#primaryimage\"},\"image\":{\"@id\":\"https:\\\/\\\/frenchpleinairpainters.com\\\/index.php\\\/frenchpleinairpainters-com-invitation-zoom\\\/#primaryimage\"},\"thumbnailUrl\":\"https:\\\/\\\/frenchpleinairpainters.com\\\/wp-content\\\/uploads\\\/2020\\\/11\\\/IMG_8232.jpg\",\"datePublished\":\"2020-11-09T09:06:15+00:00\",\"dateModified\":\"2025-03-29T18:30:15+00:00\",\"breadcrumb\":{\"@id\":\"https:\\\/\\\/frenchpleinairpainters.com\\\/index.php\\\/frenchpleinairpainters-com-invitation-zoom\\\/#breadcrumb\"},\"inLanguage\":\"fr-FR\",\"potentialAction\":[{\"@type\":\"ReadAction\",\"target\":[\"https:\\\/\\\/frenchpleinairpainters.com\\\/index.php\\\/frenchpleinairpainters-com-invitation-zoom\\\/\"]}]},{\"@type\":\"ImageObject\",\"inLanguage\":\"fr-FR\",\"@id\":\"https:\\\/\\\/frenchpleinairpainters.com\\\/index.php\\\/frenchpleinairpainters-com-invitation-zoom\\\/#primaryimage\",\"url\":\"https:\\\/\\\/frenchpleinairpainters.com\\\/wp-content\\\/uploads\\\/2020\\\/11\\\/IMG_8232.jpg\",\"contentUrl\":\"https:\\\/\\\/frenchpleinairpainters.com\\\/wp-content\\\/uploads\\\/2020\\\/11\\\/IMG_8232.jpg\",\"width\":750,\"height\":418},{\"@type\":\"BreadcrumbList\",\"@id\":\"https:\\\/\\\/frenchpleinairpainters.com\\\/index.php\\\/frenchpleinairpainters-com-invitation-zoom\\\/#breadcrumb\",\"itemListElement\":[{\"@type\":\"ListItem\",\"position\":1,\"name\":\"Accueil\",\"item\":\"https:\\\/\\\/frenchpleinairpainters.com\\\/index.php\\\/en\\\/\"},{\"@type\":\"ListItem\",\"position\":2,\"name\":\"Frenchpleinairpainters.com Rappel et lien de la r\u00e9union ZOOM le dimanche 15 novembre \u00e0 11H30\"}]},{\"@type\":\"WebSite\",\"@id\":\"https:\\\/\\\/frenchpleinairpainters.com\\\/#website\",\"url\":\"https:\\\/\\\/frenchpleinairpainters.com\\\/\",\"name\":\"French Plein Air Painters \u00a9\",\"description\":\"En France nombreux artistes peignent en plein air d\u2019apr\u00e8s la tradition artistique qui remonte m\u00eame au del\u00e0 des Impressionnistes.\",\"publisher\":{\"@id\":\"https:\\\/\\\/frenchpleinairpainters.com\\\/#organization\"},\"potentialAction\":[{\"@type\":\"SearchAction\",\"target\":{\"@type\":\"EntryPoint\",\"urlTemplate\":\"https:\\\/\\\/frenchpleinairpainters.com\\\/?s={search_term_string}\"},\"query-input\":{\"@type\":\"PropertyValueSpecification\",\"valueRequired\":true,\"valueName\":\"search_term_string\"}}],\"inLanguage\":\"fr-FR\"},{\"@type\":\"Organization\",\"@id\":\"https:\\\/\\\/frenchpleinairpainters.com\\\/#organization\",\"name\":\"Association Festival Cultures Crois\u00e9es \u2013 AFCC\",\"url\":\"https:\\\/\\\/frenchpleinairpainters.com\\\/\",\"logo\":{\"@type\":\"ImageObject\",\"inLanguage\":\"fr-FR\",\"@id\":\"https:\\\/\\\/frenchpleinairpainters.com\\\/#\\\/schema\\\/logo\\\/image\\\/\",\"url\":\"https:\\\/\\\/frenchpleinairpainters.com\\\/wp-content\\\/uploads\\\/2019\\\/10\\\/AFCC_logo2008_BLANCJPG.jpg\",\"contentUrl\":\"https:\\\/\\\/frenchpleinairpainters.com\\\/wp-content\\\/uploads\\\/2019\\\/10\\\/AFCC_logo2008_BLANCJPG.jpg\",\"width\":654,\"height\":741,\"caption\":\"Association Festival Cultures Crois\u00e9es \u2013 AFCC\"},\"image\":{\"@id\":\"https:\\\/\\\/frenchpleinairpainters.com\\\/#\\\/schema\\\/logo\\\/image\\\/\"}}]}<\/script>\n<!-- \/ Yoast SEO plugin. -->","yoast_head_json":{"title":"Frenchpleinairpainters.com Rappel et lien de la r\u00e9union ZOOM le dimanche 15 novembre \u00e0 11H30 - French Plein Air Painters \u00a9","robots":{"index":"index","follow":"follow","max-snippet":"max-snippet:-1","max-image-preview":"max-image-preview:large","max-video-preview":"max-video-preview:-1"},"canonical":"https:\/\/frenchpleinairpainters.com\/index.php\/frenchpleinairpainters-com-invitation-zoom\/","og_locale":"fr_FR","og_type":"article","og_title":"Frenchpleinairpainters.com Rappel et lien de la r\u00e9union ZOOM le dimanche 15 novembre \u00e0 11H30 - French Plein Air Painters \u00a9","og_description":"&nbsp; &nbsp; Chers Artistes et chers nouveaux Partenaires Bonjour, Vous \u00eates abonn\u00e9s ou en pass de devenir abonn\u00e9s de notre plateforme Je vous invite \u00e0 nous rejoindre notre r\u00e9union dans (suite\u2026)","og_url":"https:\/\/frenchpleinairpainters.com\/index.php\/frenchpleinairpainters-com-invitation-zoom\/","og_site_name":"French Plein Air Painters \u00a9","article_modified_time":"2025-03-29T18:30:15+00:00","og_image":[{"url":"https:\/\/frenchpleinairpainters.com\/wp-content\/uploads\/2020\/11\/IMG_8232.jpg","type":"","width":"","height":""}],"twitter_card":"summary_large_image","twitter_misc":{"Dur\u00e9e de lecture estim\u00e9e":"2 minutes"},"schema":{"@context":"https:\/\/schema.org","@graph":[{"@type":"WebPage","@id":"https:\/\/frenchpleinairpainters.com\/index.php\/frenchpleinairpainters-com-invitation-zoom\/","url":"https:\/\/frenchpleinairpainters.com\/index.php\/frenchpleinairpainters-com-invitation-zoom\/","name":"Frenchpleinairpainters.com Rappel et lien de la r\u00e9union ZOOM le dimanche 15 novembre \u00e0 11H30 - French Plein Air Painters \u00a9","isPartOf":{"@id":"https:\/\/frenchpleinairpainters.com\/#website"},"primaryImageOfPage":{"@id":"https:\/\/frenchpleinairpainters.com\/index.php\/frenchpleinairpainters-com-invitation-zoom\/#primaryimage"},"image":{"@id":"https:\/\/frenchpleinairpainters.com\/index.php\/frenchpleinairpainters-com-invitation-zoom\/#primaryimage"},"thumbnailUrl":"https:\/\/frenchpleinairpainters.com\/wp-content\/uploads\/2020\/11\/IMG_8232.jpg","datePublished":"2020-11-09T09:06:15+00:00","dateModified":"2025-03-29T18:30:15+00:00","breadcrumb":{"@id":"https:\/\/frenchpleinairpainters.com\/index.php\/frenchpleinairpainters-com-invitation-zoom\/#breadcrumb"},"inLanguage":"fr-FR","potentialAction":[{"@type":"ReadAction","target":["https:\/\/frenchpleinairpainters.com\/index.php\/frenchpleinairpainters-com-invitation-zoom\/"]}]},{"@type":"ImageObject","inLanguage":"fr-FR","@id":"https:\/\/frenchpleinairpainters.com\/index.php\/frenchpleinairpainters-com-invitation-zoom\/#primaryimage","url":"https:\/\/frenchpleinairpainters.com\/wp-content\/uploads\/2020\/11\/IMG_8232.jpg","contentUrl":"https:\/\/frenchpleinairpainters.com\/wp-content\/uploads\/2020\/11\/IMG_8232.jpg","width":750,"height":418},{"@type":"BreadcrumbList","@id":"https:\/\/frenchpleinairpainters.com\/index.php\/frenchpleinairpainters-com-invitation-zoom\/#breadcrumb","itemListElement":[{"@type":"ListItem","position":1,"name":"Accueil","item":"https:\/\/frenchpleinairpainters.com\/index.php\/en\/"},{"@type":"ListItem","position":2,"name":"Frenchpleinairpainters.com Rappel et lien de la r\u00e9union ZOOM le dimanche 15 novembre \u00e0 11H30"}]},{"@type":"WebSite","@id":"https:\/\/frenchpleinairpainters.com\/#website","url":"https:\/\/frenchpleinairpainters.com\/","name":"French Plein Air Painters \u00a9","description":"En France nombreux artistes peignent en plein air d\u2019apr\u00e8s la tradition artistique qui remonte m\u00eame au del\u00e0 des Impressionnistes.","publisher":{"@id":"https:\/\/frenchpleinairpainters.com\/#organization"},"potentialAction":[{"@type":"SearchAction","target":{"@type":"EntryPoint","urlTemplate":"https:\/\/frenchpleinairpainters.com\/?s={search_term_string}"},"query-input":{"@type":"PropertyValueSpecification","valueRequired":true,"valueName":"search_term_string"}}],"inLanguage":"fr-FR"},{"@type":"Organization","@id":"https:\/\/frenchpleinairpainters.com\/#organization","name":"Association Festival Cultures Crois\u00e9es \u2013 AFCC","url":"https:\/\/frenchpleinairpainters.com\/","logo":{"@type":"ImageObject","inLanguage":"fr-FR","@id":"https:\/\/frenchpleinairpainters.com\/#\/schema\/logo\/image\/","url":"https:\/\/frenchpleinairpainters.com\/wp-content\/uploads\/2019\/10\/AFCC_logo2008_BLANCJPG.jpg","contentUrl":"https:\/\/frenchpleinairpainters.com\/wp-content\/uploads\/2019\/10\/AFCC_logo2008_BLANCJPG.jpg","width":654,"height":741,"caption":"Association Festival Cultures Crois\u00e9es \u2013 AFCC"},"image":{"@id":"https:\/\/frenchpleinairpainters.com\/#\/schema\/logo\/image\/"}}]}},"_links":{"self":[{"href":"https:\/\/frenchpleinairpainters.com\/index.php\/wp-json\/wp\/v2\/pages\/2720","targetHints":{"allow":["GET"]}}],"collection":[{"href":"https:\/\/frenchpleinairpainters.com\/index.php\/wp-json\/wp\/v2\/pages"}],"about":[{"href":"https:\/\/frenchpleinairpainters.com\/index.php\/wp-json\/wp\/v2\/types\/page"}],"author":[{"embeddable":true,"href":"https:\/\/frenchpleinairpainters.com\/index.php\/wp-json\/wp\/v2\/users\/1"}],"replies":[{"embeddable":true,"href":"https:\/\/frenchpleinairpainters.com\/index.php\/wp-json\/wp\/v2\/comments?post=2720"}],"version-history":[{"count":21,"href":"https:\/\/frenchpleinairpainters.com\/index.php\/wp-json\/wp\/v2\/pages\/2720\/revisions"}],"predecessor-version":[{"id":6213,"href":"https:\/\/frenchpleinairpainters.com\/index.php\/wp-json\/wp\/v2\/pages\/2720\/revisions\/6213"}],"wp:attachment":[{"href":"https:\/\/frenchpleinairpainters.com\/index.php\/wp-json\/wp\/v2\/media?parent=2720"}],"curies":[{"name":"wp","href":"https:\/\/api.w.org\/{rel}","templated":true}]}}