{"id":2818,"date":"2020-12-30T23:34:11","date_gmt":"2020-12-30T22:34:11","guid":{"rendered":"https:\/\/frenchpleinairpainters.com\/?page_id=2818"},"modified":"2021-11-17T11:39:15","modified_gmt":"2021-11-17T10:39:15","slug":"planning-2021-en-cours-delaboration","status":"publish","type":"page","link":"https:\/\/frenchpleinairpainters.com\/index.php\/planning-2021-en-cours-delaboration\/","title":{"rendered":"Planning 2021 en evolution permanente (covid oblige mais nous sommes plus fort!)"},"content":{"rendered":"Vous devez \u00eatre connect\u00e9 pour voir ce contenu.","protected":false},"excerpt":{"rendered":"Vous devez \u00eatre connect\u00e9 pour voir ce contenu.","protected":false},"author":7,"featured_media":2881,"parent":0,"menu_order":0,"comment_status":"closed","ping_status":"closed","template":"","meta":{"footnotes":""},"class_list":["post-2818","page","type-page","status-publish","has-post-thumbnail","hentry"],"yoast_head":"<!-- This site is optimized with the Yoast SEO plugin v27.4 - https:\/\/yoast.com\/product\/yoast-seo-wordpress\/ -->\n<title>Planning 2021 en evolution permanente (covid oblige mais nous sommes plus fort!) - French Plein Air Painters \u00a9<\/title>\n<meta name=\"robots\" content=\"index, follow, max-snippet:-1, max-image-preview:large, max-video-preview:-1\" \/>\n<link rel=\"canonical\" href=\"https:\/\/frenchpleinairpainters.com\/index.php\/planning-2021-en-cours-delaboration\/\" \/>\n<meta property=\"og:locale\" content=\"fr_FR\" \/>\n<meta property=\"og:type\" content=\"article\" \/>\n<meta property=\"og:title\" content=\"Planning 2021 en evolution permanente (covid oblige mais nous sommes plus fort!) - French Plein Air Painters \u00a9\" \/>\n<meta property=\"og:description\" content=\"Ce contenu n\u2019est accessible qu\u2019aux membres du site. Si vous \u00eates inscrit, veuillez vous connecter. Les nouveaux utilisateurs peuvent s&#039;inscrire ci-dessous.Connexion pour les utilisateurs enregistr\u00e9sIdentifiant ou e-mailMot de passe&nbsp;Se souvenir de moi&nbsp;&nbsp;\" \/>\n<meta property=\"og:url\" content=\"https:\/\/frenchpleinairpainters.com\/index.php\/planning-2021-en-cours-delaboration\/\" \/>\n<meta property=\"og:site_name\" content=\"French Plein Air Painters \u00a9\" \/>\n<meta property=\"article:modified_time\" content=\"2021-11-17T10:39:15+00:00\" \/>\n<meta property=\"og:image\" content=\"https:\/\/frenchpleinairpainters.com\/wp-content\/uploads\/2020\/12\/calendreier-2021-.jpg\" \/>\n\t<meta property=\"og:image:width\" content=\"1512\" \/>\n\t<meta property=\"og:image:height\" content=\"1420\" \/>\n\t<meta property=\"og:image:type\" content=\"image\/jpeg\" \/>\n<meta name=\"twitter:card\" content=\"summary_large_image\" \/>\n<meta name=\"twitter:label1\" content=\"Dur\u00e9e de lecture estim\u00e9e\" \/>\n\t<meta name=\"twitter:data1\" content=\"6 minutes\" \/>\n<script type=\"application\/ld+json\" class=\"yoast-schema-graph\">{\"@context\":\"https:\\\/\\\/schema.org\",\"@graph\":[{\"@type\":\"WebPage\",\"@id\":\"https:\\\/\\\/frenchpleinairpainters.com\\\/index.php\\\/planning-2021-en-cours-delaboration\\\/\",\"url\":\"https:\\\/\\\/frenchpleinairpainters.com\\\/index.php\\\/planning-2021-en-cours-delaboration\\\/\",\"name\":\"Planning 2021 en evolution permanente (covid oblige mais nous sommes plus fort!) - French Plein Air Painters \u00a9\",\"isPartOf\":{\"@id\":\"https:\\\/\\\/frenchpleinairpainters.com\\\/#website\"},\"primaryImageOfPage\":{\"@id\":\"https:\\\/\\\/frenchpleinairpainters.com\\\/index.php\\\/planning-2021-en-cours-delaboration\\\/#primaryimage\"},\"image\":{\"@id\":\"https:\\\/\\\/frenchpleinairpainters.com\\\/index.php\\\/planning-2021-en-cours-delaboration\\\/#primaryimage\"},\"thumbnailUrl\":\"https:\\\/\\\/frenchpleinairpainters.com\\\/wp-content\\\/uploads\\\/2020\\\/12\\\/calendreier-2021-.jpg\",\"datePublished\":\"2020-12-30T22:34:11+00:00\",\"dateModified\":\"2021-11-17T10:39:15+00:00\",\"breadcrumb\":{\"@id\":\"https:\\\/\\\/frenchpleinairpainters.com\\\/index.php\\\/planning-2021-en-cours-delaboration\\\/#breadcrumb\"},\"inLanguage\":\"fr-FR\",\"potentialAction\":[{\"@type\":\"ReadAction\",\"target\":[\"https:\\\/\\\/frenchpleinairpainters.com\\\/index.php\\\/planning-2021-en-cours-delaboration\\\/\"]}]},{\"@type\":\"ImageObject\",\"inLanguage\":\"fr-FR\",\"@id\":\"https:\\\/\\\/frenchpleinairpainters.com\\\/index.php\\\/planning-2021-en-cours-delaboration\\\/#primaryimage\",\"url\":\"https:\\\/\\\/frenchpleinairpainters.com\\\/wp-content\\\/uploads\\\/2020\\\/12\\\/calendreier-2021-.jpg\",\"contentUrl\":\"https:\\\/\\\/frenchpleinairpainters.com\\\/wp-content\\\/uploads\\\/2020\\\/12\\\/calendreier-2021-.jpg\",\"width\":1512,\"height\":1420},{\"@type\":\"BreadcrumbList\",\"@id\":\"https:\\\/\\\/frenchpleinairpainters.com\\\/index.php\\\/planning-2021-en-cours-delaboration\\\/#breadcrumb\",\"itemListElement\":[{\"@type\":\"ListItem\",\"position\":1,\"name\":\"Accueil\",\"item\":\"https:\\\/\\\/frenchpleinairpainters.com\\\/index.php\\\/en\\\/\"},{\"@type\":\"ListItem\",\"position\":2,\"name\":\"Planning 2021 en evolution permanente (covid oblige mais nous sommes plus fort!)\"}]},{\"@type\":\"WebSite\",\"@id\":\"https:\\\/\\\/frenchpleinairpainters.com\\\/#website\",\"url\":\"https:\\\/\\\/frenchpleinairpainters.com\\\/\",\"name\":\"French Plein Air Painters \u00a9\",\"description\":\"En France nombreux artistes peignent en plein air d\u2019apr\u00e8s la tradition artistique qui remonte m\u00eame au del\u00e0 des Impressionnistes.\",\"publisher\":{\"@id\":\"https:\\\/\\\/frenchpleinairpainters.com\\\/#organization\"},\"potentialAction\":[{\"@type\":\"SearchAction\",\"target\":{\"@type\":\"EntryPoint\",\"urlTemplate\":\"https:\\\/\\\/frenchpleinairpainters.com\\\/?s={search_term_string}\"},\"query-input\":{\"@type\":\"PropertyValueSpecification\",\"valueRequired\":true,\"valueName\":\"search_term_string\"}}],\"inLanguage\":\"fr-FR\"},{\"@type\":\"Organization\",\"@id\":\"https:\\\/\\\/frenchpleinairpainters.com\\\/#organization\",\"name\":\"Association Festival Cultures Crois\u00e9es \u2013 AFCC\",\"url\":\"https:\\\/\\\/frenchpleinairpainters.com\\\/\",\"logo\":{\"@type\":\"ImageObject\",\"inLanguage\":\"fr-FR\",\"@id\":\"https:\\\/\\\/frenchpleinairpainters.com\\\/#\\\/schema\\\/logo\\\/image\\\/\",\"url\":\"https:\\\/\\\/frenchpleinairpainters.com\\\/wp-content\\\/uploads\\\/2019\\\/10\\\/AFCC_logo2008_BLANCJPG.jpg\",\"contentUrl\":\"https:\\\/\\\/frenchpleinairpainters.com\\\/wp-content\\\/uploads\\\/2019\\\/10\\\/AFCC_logo2008_BLANCJPG.jpg\",\"width\":654,\"height\":741,\"caption\":\"Association Festival Cultures Crois\u00e9es \u2013 AFCC\"},\"image\":{\"@id\":\"https:\\\/\\\/frenchpleinairpainters.com\\\/#\\\/schema\\\/logo\\\/image\\\/\"}}]}<\/script>\n<!-- \/ Yoast SEO plugin. -->","yoast_head_json":{"title":"Planning 2021 en evolution permanente (covid oblige mais nous sommes plus fort!) - French Plein Air Painters \u00a9","robots":{"index":"index","follow":"follow","max-snippet":"max-snippet:-1","max-image-preview":"max-image-preview:large","max-video-preview":"max-video-preview:-1"},"canonical":"https:\/\/frenchpleinairpainters.com\/index.php\/planning-2021-en-cours-delaboration\/","og_locale":"fr_FR","og_type":"article","og_title":"Planning 2021 en evolution permanente (covid oblige mais nous sommes plus fort!) - French Plein Air Painters \u00a9","og_description":"Ce contenu n\u2019est accessible qu\u2019aux membres du site. Si vous \u00eates inscrit, veuillez vous connecter. Les nouveaux utilisateurs peuvent s'inscrire ci-dessous.Connexion pour les utilisateurs enregistr\u00e9sIdentifiant ou e-mailMot de passe&nbsp;Se souvenir de moi&nbsp;&nbsp;","og_url":"https:\/\/frenchpleinairpainters.com\/index.php\/planning-2021-en-cours-delaboration\/","og_site_name":"French Plein Air Painters \u00a9","article_modified_time":"2021-11-17T10:39:15+00:00","og_image":[{"width":1512,"height":1420,"url":"https:\/\/frenchpleinairpainters.com\/wp-content\/uploads\/2020\/12\/calendreier-2021-.jpg","type":"image\/jpeg"}],"twitter_card":"summary_large_image","twitter_misc":{"Dur\u00e9e de lecture estim\u00e9e":"6 minutes"},"schema":{"@context":"https:\/\/schema.org","@graph":[{"@type":"WebPage","@id":"https:\/\/frenchpleinairpainters.com\/index.php\/planning-2021-en-cours-delaboration\/","url":"https:\/\/frenchpleinairpainters.com\/index.php\/planning-2021-en-cours-delaboration\/","name":"Planning 2021 en evolution permanente (covid oblige mais nous sommes plus fort!) - French Plein Air Painters \u00a9","isPartOf":{"@id":"https:\/\/frenchpleinairpainters.com\/#website"},"primaryImageOfPage":{"@id":"https:\/\/frenchpleinairpainters.com\/index.php\/planning-2021-en-cours-delaboration\/#primaryimage"},"image":{"@id":"https:\/\/frenchpleinairpainters.com\/index.php\/planning-2021-en-cours-delaboration\/#primaryimage"},"thumbnailUrl":"https:\/\/frenchpleinairpainters.com\/wp-content\/uploads\/2020\/12\/calendreier-2021-.jpg","datePublished":"2020-12-30T22:34:11+00:00","dateModified":"2021-11-17T10:39:15+00:00","breadcrumb":{"@id":"https:\/\/frenchpleinairpainters.com\/index.php\/planning-2021-en-cours-delaboration\/#breadcrumb"},"inLanguage":"fr-FR","potentialAction":[{"@type":"ReadAction","target":["https:\/\/frenchpleinairpainters.com\/index.php\/planning-2021-en-cours-delaboration\/"]}]},{"@type":"ImageObject","inLanguage":"fr-FR","@id":"https:\/\/frenchpleinairpainters.com\/index.php\/planning-2021-en-cours-delaboration\/#primaryimage","url":"https:\/\/frenchpleinairpainters.com\/wp-content\/uploads\/2020\/12\/calendreier-2021-.jpg","contentUrl":"https:\/\/frenchpleinairpainters.com\/wp-content\/uploads\/2020\/12\/calendreier-2021-.jpg","width":1512,"height":1420},{"@type":"BreadcrumbList","@id":"https:\/\/frenchpleinairpainters.com\/index.php\/planning-2021-en-cours-delaboration\/#breadcrumb","itemListElement":[{"@type":"ListItem","position":1,"name":"Accueil","item":"https:\/\/frenchpleinairpainters.com\/index.php\/en\/"},{"@type":"ListItem","position":2,"name":"Planning 2021 en evolution permanente (covid oblige mais nous sommes plus fort!)"}]},{"@type":"WebSite","@id":"https:\/\/frenchpleinairpainters.com\/#website","url":"https:\/\/frenchpleinairpainters.com\/","name":"French Plein Air Painters \u00a9","description":"En France nombreux artistes peignent en plein air d\u2019apr\u00e8s la tradition artistique qui remonte m\u00eame au del\u00e0 des Impressionnistes.","publisher":{"@id":"https:\/\/frenchpleinairpainters.com\/#organization"},"potentialAction":[{"@type":"SearchAction","target":{"@type":"EntryPoint","urlTemplate":"https:\/\/frenchpleinairpainters.com\/?s={search_term_string}"},"query-input":{"@type":"PropertyValueSpecification","valueRequired":true,"valueName":"search_term_string"}}],"inLanguage":"fr-FR"},{"@type":"Organization","@id":"https:\/\/frenchpleinairpainters.com\/#organization","name":"Association Festival Cultures Crois\u00e9es \u2013 AFCC","url":"https:\/\/frenchpleinairpainters.com\/","logo":{"@type":"ImageObject","inLanguage":"fr-FR","@id":"https:\/\/frenchpleinairpainters.com\/#\/schema\/logo\/image\/","url":"https:\/\/frenchpleinairpainters.com\/wp-content\/uploads\/2019\/10\/AFCC_logo2008_BLANCJPG.jpg","contentUrl":"https:\/\/frenchpleinairpainters.com\/wp-content\/uploads\/2019\/10\/AFCC_logo2008_BLANCJPG.jpg","width":654,"height":741,"caption":"Association Festival Cultures Crois\u00e9es \u2013 AFCC"},"image":{"@id":"https:\/\/frenchpleinairpainters.com\/#\/schema\/logo\/image\/"}}]}},"_links":{"self":[{"href":"https:\/\/frenchpleinairpainters.com\/index.php\/wp-json\/wp\/v2\/pages\/2818","targetHints":{"allow":["GET"]}}],"collection":[{"href":"https:\/\/frenchpleinairpainters.com\/index.php\/wp-json\/wp\/v2\/pages"}],"about":[{"href":"https:\/\/frenchpleinairpainters.com\/index.php\/wp-json\/wp\/v2\/types\/page"}],"author":[{"embeddable":true,"href":"https:\/\/frenchpleinairpainters.com\/index.php\/wp-json\/wp\/v2\/users\/7"}],"replies":[{"embeddable":true,"href":"https:\/\/frenchpleinairpainters.com\/index.php\/wp-json\/wp\/v2\/comments?post=2818"}],"version-history":[{"count":86,"href":"https:\/\/frenchpleinairpainters.com\/index.php\/wp-json\/wp\/v2\/pages\/2818\/revisions"}],"predecessor-version":[{"id":4939,"href":"https:\/\/frenchpleinairpainters.com\/index.php\/wp-json\/wp\/v2\/pages\/2818\/revisions\/4939"}],"wp:featuredmedia":[{"embeddable":true,"href":"https:\/\/frenchpleinairpainters.com\/index.php\/wp-json\/wp\/v2\/media\/2881"}],"wp:attachment":[{"href":"https:\/\/frenchpleinairpainters.com\/index.php\/wp-json\/wp\/v2\/media?parent=2818"}],"curies":[{"name":"wp","href":"https:\/\/api.w.org\/{rel}","templated":true}]}}