{"id":324,"date":"2019-11-01T21:08:36","date_gmt":"2019-11-01T20:08:36","guid":{"rendered":"http:\/\/frenchpleinairpainters.com\/?page_id=324"},"modified":"2025-03-29T00:41:40","modified_gmt":"2025-03-28T23:41:40","slug":"restons-en-contact","status":"publish","type":"page","link":"https:\/\/frenchpleinairpainters.com\/index.php\/restons-en-contact\/","title":{"rendered":"Restons en contact \/ Keep in touch!"},"content":{"rendered":"&#8212;- Mme Anna FILIMONOVA, T\u00e9l. : 06 61 91 23 98 ou + 33 6 61 91 23 98 ( whats App available) N&rsquo;h\u00e9sitez pas \u00e0 me contacter pour toutes <a href=\"https:\/\/frenchpleinairpainters.com\/index.php\/restons-en-contact\/\" class=\"more-link\">(suite\u2026)<\/a>","protected":false},"excerpt":{"rendered":"<p>&#8212;- Mme Anna FILIMONOVA, T\u00e9l. : 06 61 91 23 98 ou + 33 6 61 91 23 98 ( whats App available) N&rsquo;h\u00e9sitez pas \u00e0 me contacter pour toutes (suite\u2026)<\/p>\n","protected":false},"author":1,"featured_media":0,"parent":0,"menu_order":0,"comment_status":"closed","ping_status":"closed","template":"","meta":{"footnotes":""},"class_list":["post-324","page","type-page","status-publish","hentry"],"yoast_head":"<!-- This site is optimized with the Yoast SEO plugin v27.3 - https:\/\/yoast.com\/product\/yoast-seo-wordpress\/ -->\n<title>Restons en contact \/ Keep in touch! - French Plein Air Painters \u00a9<\/title>\n<meta name=\"robots\" content=\"index, follow, max-snippet:-1, max-image-preview:large, max-video-preview:-1\" \/>\n<link rel=\"canonical\" href=\"https:\/\/frenchpleinairpainters.com\/index.php\/restons-en-contact\/\" \/>\n<meta property=\"og:locale\" content=\"fr_FR\" \/>\n<meta property=\"og:type\" content=\"article\" \/>\n<meta property=\"og:title\" content=\"Restons en contact \/ Keep in touch! - French Plein Air Painters \u00a9\" \/>\n<meta property=\"og:description\" content=\"&#8212;- Mme Anna FILIMONOVA, T\u00e9l. : 06 61 91 23 98 ou + 33 6 61 91 23 98 ( whats App available) N&rsquo;h\u00e9sitez pas \u00e0 me contacter pour toutes (suite\u2026)\" \/>\n<meta property=\"og:url\" content=\"https:\/\/frenchpleinairpainters.com\/index.php\/restons-en-contact\/\" \/>\n<meta property=\"og:site_name\" content=\"French Plein Air Painters \u00a9\" \/>\n<meta property=\"article:modified_time\" content=\"2025-03-28T23:41:40+00:00\" \/>\n<meta name=\"twitter:card\" content=\"summary_large_image\" \/>\n<meta name=\"twitter:label1\" content=\"Dur\u00e9e de lecture estim\u00e9e\" \/>\n\t<meta name=\"twitter:data1\" content=\"1 minute\" \/>\n<script type=\"application\/ld+json\" class=\"yoast-schema-graph\">{\"@context\":\"https:\\\/\\\/schema.org\",\"@graph\":[{\"@type\":\"WebPage\",\"@id\":\"https:\\\/\\\/frenchpleinairpainters.com\\\/index.php\\\/restons-en-contact\\\/\",\"url\":\"https:\\\/\\\/frenchpleinairpainters.com\\\/index.php\\\/restons-en-contact\\\/\",\"name\":\"Restons en contact \\\/ Keep in touch! - French Plein Air Painters \u00a9\",\"isPartOf\":{\"@id\":\"https:\\\/\\\/frenchpleinairpainters.com\\\/#website\"},\"datePublished\":\"2019-11-01T20:08:36+00:00\",\"dateModified\":\"2025-03-28T23:41:40+00:00\",\"breadcrumb\":{\"@id\":\"https:\\\/\\\/frenchpleinairpainters.com\\\/index.php\\\/restons-en-contact\\\/#breadcrumb\"},\"inLanguage\":\"fr-FR\",\"potentialAction\":[{\"@type\":\"ReadAction\",\"target\":[\"https:\\\/\\\/frenchpleinairpainters.com\\\/index.php\\\/restons-en-contact\\\/\"]}]},{\"@type\":\"BreadcrumbList\",\"@id\":\"https:\\\/\\\/frenchpleinairpainters.com\\\/index.php\\\/restons-en-contact\\\/#breadcrumb\",\"itemListElement\":[{\"@type\":\"ListItem\",\"position\":1,\"name\":\"Accueil\",\"item\":\"https:\\\/\\\/frenchpleinairpainters.com\\\/index.php\\\/en\\\/\"},{\"@type\":\"ListItem\",\"position\":2,\"name\":\"Restons en contact \\\/ Keep in touch!\"}]},{\"@type\":\"WebSite\",\"@id\":\"https:\\\/\\\/frenchpleinairpainters.com\\\/#website\",\"url\":\"https:\\\/\\\/frenchpleinairpainters.com\\\/\",\"name\":\"French Plein Air Painters \u00a9\",\"description\":\"En France nombreux artistes peignent en plein air d\u2019apr\u00e8s la tradition artistique qui remonte m\u00eame au del\u00e0 des Impressionnistes.\",\"publisher\":{\"@id\":\"https:\\\/\\\/frenchpleinairpainters.com\\\/#organization\"},\"potentialAction\":[{\"@type\":\"SearchAction\",\"target\":{\"@type\":\"EntryPoint\",\"urlTemplate\":\"https:\\\/\\\/frenchpleinairpainters.com\\\/?s={search_term_string}\"},\"query-input\":{\"@type\":\"PropertyValueSpecification\",\"valueRequired\":true,\"valueName\":\"search_term_string\"}}],\"inLanguage\":\"fr-FR\"},{\"@type\":\"Organization\",\"@id\":\"https:\\\/\\\/frenchpleinairpainters.com\\\/#organization\",\"name\":\"Association Festival Cultures Crois\u00e9es \u2013 AFCC\",\"url\":\"https:\\\/\\\/frenchpleinairpainters.com\\\/\",\"logo\":{\"@type\":\"ImageObject\",\"inLanguage\":\"fr-FR\",\"@id\":\"https:\\\/\\\/frenchpleinairpainters.com\\\/#\\\/schema\\\/logo\\\/image\\\/\",\"url\":\"https:\\\/\\\/frenchpleinairpainters.com\\\/wp-content\\\/uploads\\\/2019\\\/10\\\/AFCC_logo2008_BLANCJPG.jpg\",\"contentUrl\":\"https:\\\/\\\/frenchpleinairpainters.com\\\/wp-content\\\/uploads\\\/2019\\\/10\\\/AFCC_logo2008_BLANCJPG.jpg\",\"width\":654,\"height\":741,\"caption\":\"Association Festival Cultures Crois\u00e9es \u2013 AFCC\"},\"image\":{\"@id\":\"https:\\\/\\\/frenchpleinairpainters.com\\\/#\\\/schema\\\/logo\\\/image\\\/\"}}]}<\/script>\n<!-- \/ Yoast SEO plugin. -->","yoast_head_json":{"title":"Restons en contact \/ Keep in touch! - French Plein Air Painters \u00a9","robots":{"index":"index","follow":"follow","max-snippet":"max-snippet:-1","max-image-preview":"max-image-preview:large","max-video-preview":"max-video-preview:-1"},"canonical":"https:\/\/frenchpleinairpainters.com\/index.php\/restons-en-contact\/","og_locale":"fr_FR","og_type":"article","og_title":"Restons en contact \/ Keep in touch! - French Plein Air Painters \u00a9","og_description":"&#8212;- Mme Anna FILIMONOVA, T\u00e9l. : 06 61 91 23 98 ou + 33 6 61 91 23 98 ( whats App available) N&rsquo;h\u00e9sitez pas \u00e0 me contacter pour toutes (suite\u2026)","og_url":"https:\/\/frenchpleinairpainters.com\/index.php\/restons-en-contact\/","og_site_name":"French Plein Air Painters \u00a9","article_modified_time":"2025-03-28T23:41:40+00:00","twitter_card":"summary_large_image","twitter_misc":{"Dur\u00e9e de lecture estim\u00e9e":"1 minute"},"schema":{"@context":"https:\/\/schema.org","@graph":[{"@type":"WebPage","@id":"https:\/\/frenchpleinairpainters.com\/index.php\/restons-en-contact\/","url":"https:\/\/frenchpleinairpainters.com\/index.php\/restons-en-contact\/","name":"Restons en contact \/ Keep in touch! - French Plein Air Painters \u00a9","isPartOf":{"@id":"https:\/\/frenchpleinairpainters.com\/#website"},"datePublished":"2019-11-01T20:08:36+00:00","dateModified":"2025-03-28T23:41:40+00:00","breadcrumb":{"@id":"https:\/\/frenchpleinairpainters.com\/index.php\/restons-en-contact\/#breadcrumb"},"inLanguage":"fr-FR","potentialAction":[{"@type":"ReadAction","target":["https:\/\/frenchpleinairpainters.com\/index.php\/restons-en-contact\/"]}]},{"@type":"BreadcrumbList","@id":"https:\/\/frenchpleinairpainters.com\/index.php\/restons-en-contact\/#breadcrumb","itemListElement":[{"@type":"ListItem","position":1,"name":"Accueil","item":"https:\/\/frenchpleinairpainters.com\/index.php\/en\/"},{"@type":"ListItem","position":2,"name":"Restons en contact \/ Keep in touch!"}]},{"@type":"WebSite","@id":"https:\/\/frenchpleinairpainters.com\/#website","url":"https:\/\/frenchpleinairpainters.com\/","name":"French Plein Air Painters \u00a9","description":"En France nombreux artistes peignent en plein air d\u2019apr\u00e8s la tradition artistique qui remonte m\u00eame au del\u00e0 des Impressionnistes.","publisher":{"@id":"https:\/\/frenchpleinairpainters.com\/#organization"},"potentialAction":[{"@type":"SearchAction","target":{"@type":"EntryPoint","urlTemplate":"https:\/\/frenchpleinairpainters.com\/?s={search_term_string}"},"query-input":{"@type":"PropertyValueSpecification","valueRequired":true,"valueName":"search_term_string"}}],"inLanguage":"fr-FR"},{"@type":"Organization","@id":"https:\/\/frenchpleinairpainters.com\/#organization","name":"Association Festival Cultures Crois\u00e9es \u2013 AFCC","url":"https:\/\/frenchpleinairpainters.com\/","logo":{"@type":"ImageObject","inLanguage":"fr-FR","@id":"https:\/\/frenchpleinairpainters.com\/#\/schema\/logo\/image\/","url":"https:\/\/frenchpleinairpainters.com\/wp-content\/uploads\/2019\/10\/AFCC_logo2008_BLANCJPG.jpg","contentUrl":"https:\/\/frenchpleinairpainters.com\/wp-content\/uploads\/2019\/10\/AFCC_logo2008_BLANCJPG.jpg","width":654,"height":741,"caption":"Association Festival Cultures Crois\u00e9es \u2013 AFCC"},"image":{"@id":"https:\/\/frenchpleinairpainters.com\/#\/schema\/logo\/image\/"}}]}},"_links":{"self":[{"href":"https:\/\/frenchpleinairpainters.com\/index.php\/wp-json\/wp\/v2\/pages\/324","targetHints":{"allow":["GET"]}}],"collection":[{"href":"https:\/\/frenchpleinairpainters.com\/index.php\/wp-json\/wp\/v2\/pages"}],"about":[{"href":"https:\/\/frenchpleinairpainters.com\/index.php\/wp-json\/wp\/v2\/types\/page"}],"author":[{"embeddable":true,"href":"https:\/\/frenchpleinairpainters.com\/index.php\/wp-json\/wp\/v2\/users\/1"}],"replies":[{"embeddable":true,"href":"https:\/\/frenchpleinairpainters.com\/index.php\/wp-json\/wp\/v2\/comments?post=324"}],"version-history":[{"count":22,"href":"https:\/\/frenchpleinairpainters.com\/index.php\/wp-json\/wp\/v2\/pages\/324\/revisions"}],"predecessor-version":[{"id":6203,"href":"https:\/\/frenchpleinairpainters.com\/index.php\/wp-json\/wp\/v2\/pages\/324\/revisions\/6203"}],"wp:attachment":[{"href":"https:\/\/frenchpleinairpainters.com\/index.php\/wp-json\/wp\/v2\/media?parent=324"}],"curies":[{"name":"wp","href":"https:\/\/api.w.org\/{rel}","templated":true}]}}