{"id":4788,"date":"2021-09-09T17:32:07","date_gmt":"2021-09-09T15:32:07","guid":{"rendered":"https:\/\/frenchpleinairpainters.com\/?page_id=4788"},"modified":"2021-10-08T19:15:04","modified_gmt":"2021-10-08T17:15:04","slug":"newsletters-du-mois-d-octobre","status":"publish","type":"page","link":"https:\/\/frenchpleinairpainters.com\/index.php\/newsletters-du-mois-d-octobre\/","title":{"rendered":"La rentr\u00e9e artistique d&rsquo;Anna Filimonova, de la Galerie de Paris, de Frenchpleinairpainters.com et du Fonds de Dotation \u00ab\u00a0Kojiro Akagi\u00a0\u00bb"},"content":{"rendered":"Paris, le 8 octobre\u00a0 2021 A l&rsquo;attention de [[data:civilit\u00e9:\u00a0\u00bb\u00a0\u00bb]] [[data:firstname:\u00a0\u00bb\u00a0\u00bb]] [[data:lastname:\u00a0\u00bb\u00a0\u00bb]] Pour visualiser ce message dans votre navigateur Chers Amis, La rentr\u00e9e a demarr\u00e9 sur les chapeaux de roue. Et,&#8230; <a href=\"https:\/\/frenchpleinairpainters.com\/index.php\/newsletters-du-mois-d-octobre\/\" class=\"more-link\">(suite\u2026)<\/a>","protected":false},"excerpt":{"rendered":"<p>Paris, le 8 octobre\u00a0 2021 A l&rsquo;attention de [[data:civilit\u00e9:\u00a0\u00bb\u00a0\u00bb]] [[data:firstname:\u00a0\u00bb\u00a0\u00bb]] [[data:lastname:\u00a0\u00bb\u00a0\u00bb]] Pour visualiser ce message dans votre navigateur Chers Amis, La rentr\u00e9e a demarr\u00e9 sur les chapeaux de roue. Et,&#8230; (suite\u2026)<\/p>\n","protected":false},"author":35,"featured_media":0,"parent":0,"menu_order":0,"comment_status":"closed","ping_status":"closed","template":"","meta":{"footnotes":""},"class_list":["post-4788","page","type-page","status-publish","hentry"],"yoast_head":"<!-- This site is optimized with the Yoast SEO plugin v27.4 - https:\/\/yoast.com\/product\/yoast-seo-wordpress\/ -->\n<title>La rentr\u00e9e artistique d&#039;Anna Filimonova, de la Galerie de Paris, de Frenchpleinairpainters.com et du Fonds de Dotation &quot;Kojiro Akagi&quot; - French Plein Air Painters \u00a9<\/title>\n<meta name=\"robots\" content=\"index, follow, max-snippet:-1, max-image-preview:large, max-video-preview:-1\" \/>\n<link rel=\"canonical\" href=\"https:\/\/frenchpleinairpainters.com\/index.php\/newsletters-du-mois-d-octobre\/\" \/>\n<meta property=\"og:locale\" content=\"fr_FR\" \/>\n<meta property=\"og:type\" content=\"article\" \/>\n<meta property=\"og:title\" content=\"La rentr\u00e9e artistique d&#039;Anna Filimonova, de la Galerie de Paris, de Frenchpleinairpainters.com et du Fonds de Dotation &quot;Kojiro Akagi&quot; - French Plein Air Painters \u00a9\" \/>\n<meta property=\"og:description\" content=\"Paris, le 8 octobre\u00a0 2021 A l&rsquo;attention de [[data:civilit\u00e9:\u00a0\u00bb\u00a0\u00bb]] [[data:firstname:\u00a0\u00bb\u00a0\u00bb]] [[data:lastname:\u00a0\u00bb\u00a0\u00bb]] Pour visualiser ce message dans votre navigateur Chers Amis, La rentr\u00e9e a demarr\u00e9 sur les chapeaux de roue. Et,&#8230; (suite\u2026)\" \/>\n<meta property=\"og:url\" content=\"https:\/\/frenchpleinairpainters.com\/index.php\/newsletters-du-mois-d-octobre\/\" \/>\n<meta property=\"og:site_name\" content=\"French Plein Air Painters \u00a9\" \/>\n<meta property=\"article:modified_time\" content=\"2021-10-08T17:15:04+00:00\" \/>\n<meta property=\"og:image\" content=\"https:\/\/frenchpleinairpainters.com\/wp-content\/uploads\/2021\/10\/Instagram_logo_2016.svg_.webp\" \/>\n<meta name=\"twitter:card\" content=\"summary_large_image\" \/>\n<meta name=\"twitter:label1\" content=\"Dur\u00e9e de lecture estim\u00e9e\" \/>\n\t<meta name=\"twitter:data1\" content=\"4 minutes\" \/>\n<script type=\"application\/ld+json\" class=\"yoast-schema-graph\">{\"@context\":\"https:\\\/\\\/schema.org\",\"@graph\":[{\"@type\":\"WebPage\",\"@id\":\"https:\\\/\\\/frenchpleinairpainters.com\\\/index.php\\\/newsletters-du-mois-d-octobre\\\/\",\"url\":\"https:\\\/\\\/frenchpleinairpainters.com\\\/index.php\\\/newsletters-du-mois-d-octobre\\\/\",\"name\":\"La rentr\u00e9e artistique d'Anna Filimonova, de la Galerie de Paris, de Frenchpleinairpainters.com et du Fonds de Dotation \\\"Kojiro Akagi\\\" - French Plein Air Painters \u00a9\",\"isPartOf\":{\"@id\":\"https:\\\/\\\/frenchpleinairpainters.com\\\/#website\"},\"primaryImageOfPage\":{\"@id\":\"https:\\\/\\\/frenchpleinairpainters.com\\\/index.php\\\/newsletters-du-mois-d-octobre\\\/#primaryimage\"},\"image\":{\"@id\":\"https:\\\/\\\/frenchpleinairpainters.com\\\/index.php\\\/newsletters-du-mois-d-octobre\\\/#primaryimage\"},\"thumbnailUrl\":\"https:\\\/\\\/frenchpleinairpainters.com\\\/wp-content\\\/uploads\\\/2021\\\/10\\\/Instagram_logo_2016.svg_.webp\",\"datePublished\":\"2021-09-09T15:32:07+00:00\",\"dateModified\":\"2021-10-08T17:15:04+00:00\",\"breadcrumb\":{\"@id\":\"https:\\\/\\\/frenchpleinairpainters.com\\\/index.php\\\/newsletters-du-mois-d-octobre\\\/#breadcrumb\"},\"inLanguage\":\"fr-FR\",\"potentialAction\":[{\"@type\":\"ReadAction\",\"target\":[\"https:\\\/\\\/frenchpleinairpainters.com\\\/index.php\\\/newsletters-du-mois-d-octobre\\\/\"]}]},{\"@type\":\"ImageObject\",\"inLanguage\":\"fr-FR\",\"@id\":\"https:\\\/\\\/frenchpleinairpainters.com\\\/index.php\\\/newsletters-du-mois-d-octobre\\\/#primaryimage\",\"url\":\"https:\\\/\\\/frenchpleinairpainters.com\\\/wp-content\\\/uploads\\\/2021\\\/10\\\/Instagram_logo_2016.svg_.webp\",\"contentUrl\":\"https:\\\/\\\/frenchpleinairpainters.com\\\/wp-content\\\/uploads\\\/2021\\\/10\\\/Instagram_logo_2016.svg_.webp\",\"width\":220,\"height\":220},{\"@type\":\"BreadcrumbList\",\"@id\":\"https:\\\/\\\/frenchpleinairpainters.com\\\/index.php\\\/newsletters-du-mois-d-octobre\\\/#breadcrumb\",\"itemListElement\":[{\"@type\":\"ListItem\",\"position\":1,\"name\":\"Accueil\",\"item\":\"https:\\\/\\\/frenchpleinairpainters.com\\\/index.php\\\/en\\\/\"},{\"@type\":\"ListItem\",\"position\":2,\"name\":\"La rentr\u00e9e artistique d&rsquo;Anna Filimonova, de la Galerie de Paris, de Frenchpleinairpainters.com et du Fonds de Dotation \u00ab\u00a0Kojiro Akagi\u00a0\u00bb\"}]},{\"@type\":\"WebSite\",\"@id\":\"https:\\\/\\\/frenchpleinairpainters.com\\\/#website\",\"url\":\"https:\\\/\\\/frenchpleinairpainters.com\\\/\",\"name\":\"French Plein Air Painters \u00a9\",\"description\":\"En France nombreux artistes peignent en plein air d\u2019apr\u00e8s la tradition artistique qui remonte m\u00eame au del\u00e0 des Impressionnistes.\",\"publisher\":{\"@id\":\"https:\\\/\\\/frenchpleinairpainters.com\\\/#organization\"},\"potentialAction\":[{\"@type\":\"SearchAction\",\"target\":{\"@type\":\"EntryPoint\",\"urlTemplate\":\"https:\\\/\\\/frenchpleinairpainters.com\\\/?s={search_term_string}\"},\"query-input\":{\"@type\":\"PropertyValueSpecification\",\"valueRequired\":true,\"valueName\":\"search_term_string\"}}],\"inLanguage\":\"fr-FR\"},{\"@type\":\"Organization\",\"@id\":\"https:\\\/\\\/frenchpleinairpainters.com\\\/#organization\",\"name\":\"Association Festival Cultures Crois\u00e9es \u2013 AFCC\",\"url\":\"https:\\\/\\\/frenchpleinairpainters.com\\\/\",\"logo\":{\"@type\":\"ImageObject\",\"inLanguage\":\"fr-FR\",\"@id\":\"https:\\\/\\\/frenchpleinairpainters.com\\\/#\\\/schema\\\/logo\\\/image\\\/\",\"url\":\"https:\\\/\\\/frenchpleinairpainters.com\\\/wp-content\\\/uploads\\\/2019\\\/10\\\/AFCC_logo2008_BLANCJPG.jpg\",\"contentUrl\":\"https:\\\/\\\/frenchpleinairpainters.com\\\/wp-content\\\/uploads\\\/2019\\\/10\\\/AFCC_logo2008_BLANCJPG.jpg\",\"width\":654,\"height\":741,\"caption\":\"Association Festival Cultures Crois\u00e9es \u2013 AFCC\"},\"image\":{\"@id\":\"https:\\\/\\\/frenchpleinairpainters.com\\\/#\\\/schema\\\/logo\\\/image\\\/\"}}]}<\/script>\n<!-- \/ Yoast SEO plugin. -->","yoast_head_json":{"title":"La rentr\u00e9e artistique d'Anna Filimonova, de la Galerie de Paris, de Frenchpleinairpainters.com et du Fonds de Dotation \"Kojiro Akagi\" - French Plein Air Painters \u00a9","robots":{"index":"index","follow":"follow","max-snippet":"max-snippet:-1","max-image-preview":"max-image-preview:large","max-video-preview":"max-video-preview:-1"},"canonical":"https:\/\/frenchpleinairpainters.com\/index.php\/newsletters-du-mois-d-octobre\/","og_locale":"fr_FR","og_type":"article","og_title":"La rentr\u00e9e artistique d'Anna Filimonova, de la Galerie de Paris, de Frenchpleinairpainters.com et du Fonds de Dotation \"Kojiro Akagi\" - French Plein Air Painters \u00a9","og_description":"Paris, le 8 octobre\u00a0 2021 A l&rsquo;attention de [[data:civilit\u00e9:\u00a0\u00bb\u00a0\u00bb]] [[data:firstname:\u00a0\u00bb\u00a0\u00bb]] [[data:lastname:\u00a0\u00bb\u00a0\u00bb]] Pour visualiser ce message dans votre navigateur Chers Amis, La rentr\u00e9e a demarr\u00e9 sur les chapeaux de roue. Et,&#8230; (suite\u2026)","og_url":"https:\/\/frenchpleinairpainters.com\/index.php\/newsletters-du-mois-d-octobre\/","og_site_name":"French Plein Air Painters \u00a9","article_modified_time":"2021-10-08T17:15:04+00:00","og_image":[{"url":"https:\/\/frenchpleinairpainters.com\/wp-content\/uploads\/2021\/10\/Instagram_logo_2016.svg_.webp","type":"","width":"","height":""}],"twitter_card":"summary_large_image","twitter_misc":{"Dur\u00e9e de lecture estim\u00e9e":"4 minutes"},"schema":{"@context":"https:\/\/schema.org","@graph":[{"@type":"WebPage","@id":"https:\/\/frenchpleinairpainters.com\/index.php\/newsletters-du-mois-d-octobre\/","url":"https:\/\/frenchpleinairpainters.com\/index.php\/newsletters-du-mois-d-octobre\/","name":"La rentr\u00e9e artistique d'Anna Filimonova, de la Galerie de Paris, de Frenchpleinairpainters.com et du Fonds de Dotation \"Kojiro Akagi\" - French Plein Air Painters \u00a9","isPartOf":{"@id":"https:\/\/frenchpleinairpainters.com\/#website"},"primaryImageOfPage":{"@id":"https:\/\/frenchpleinairpainters.com\/index.php\/newsletters-du-mois-d-octobre\/#primaryimage"},"image":{"@id":"https:\/\/frenchpleinairpainters.com\/index.php\/newsletters-du-mois-d-octobre\/#primaryimage"},"thumbnailUrl":"https:\/\/frenchpleinairpainters.com\/wp-content\/uploads\/2021\/10\/Instagram_logo_2016.svg_.webp","datePublished":"2021-09-09T15:32:07+00:00","dateModified":"2021-10-08T17:15:04+00:00","breadcrumb":{"@id":"https:\/\/frenchpleinairpainters.com\/index.php\/newsletters-du-mois-d-octobre\/#breadcrumb"},"inLanguage":"fr-FR","potentialAction":[{"@type":"ReadAction","target":["https:\/\/frenchpleinairpainters.com\/index.php\/newsletters-du-mois-d-octobre\/"]}]},{"@type":"ImageObject","inLanguage":"fr-FR","@id":"https:\/\/frenchpleinairpainters.com\/index.php\/newsletters-du-mois-d-octobre\/#primaryimage","url":"https:\/\/frenchpleinairpainters.com\/wp-content\/uploads\/2021\/10\/Instagram_logo_2016.svg_.webp","contentUrl":"https:\/\/frenchpleinairpainters.com\/wp-content\/uploads\/2021\/10\/Instagram_logo_2016.svg_.webp","width":220,"height":220},{"@type":"BreadcrumbList","@id":"https:\/\/frenchpleinairpainters.com\/index.php\/newsletters-du-mois-d-octobre\/#breadcrumb","itemListElement":[{"@type":"ListItem","position":1,"name":"Accueil","item":"https:\/\/frenchpleinairpainters.com\/index.php\/en\/"},{"@type":"ListItem","position":2,"name":"La rentr\u00e9e artistique d&rsquo;Anna Filimonova, de la Galerie de Paris, de Frenchpleinairpainters.com et du Fonds de Dotation \u00ab\u00a0Kojiro Akagi\u00a0\u00bb"}]},{"@type":"WebSite","@id":"https:\/\/frenchpleinairpainters.com\/#website","url":"https:\/\/frenchpleinairpainters.com\/","name":"French Plein Air Painters \u00a9","description":"En France nombreux artistes peignent en plein air d\u2019apr\u00e8s la tradition artistique qui remonte m\u00eame au del\u00e0 des Impressionnistes.","publisher":{"@id":"https:\/\/frenchpleinairpainters.com\/#organization"},"potentialAction":[{"@type":"SearchAction","target":{"@type":"EntryPoint","urlTemplate":"https:\/\/frenchpleinairpainters.com\/?s={search_term_string}"},"query-input":{"@type":"PropertyValueSpecification","valueRequired":true,"valueName":"search_term_string"}}],"inLanguage":"fr-FR"},{"@type":"Organization","@id":"https:\/\/frenchpleinairpainters.com\/#organization","name":"Association Festival Cultures Crois\u00e9es \u2013 AFCC","url":"https:\/\/frenchpleinairpainters.com\/","logo":{"@type":"ImageObject","inLanguage":"fr-FR","@id":"https:\/\/frenchpleinairpainters.com\/#\/schema\/logo\/image\/","url":"https:\/\/frenchpleinairpainters.com\/wp-content\/uploads\/2019\/10\/AFCC_logo2008_BLANCJPG.jpg","contentUrl":"https:\/\/frenchpleinairpainters.com\/wp-content\/uploads\/2019\/10\/AFCC_logo2008_BLANCJPG.jpg","width":654,"height":741,"caption":"Association Festival Cultures Crois\u00e9es \u2013 AFCC"},"image":{"@id":"https:\/\/frenchpleinairpainters.com\/#\/schema\/logo\/image\/"}}]}},"_links":{"self":[{"href":"https:\/\/frenchpleinairpainters.com\/index.php\/wp-json\/wp\/v2\/pages\/4788","targetHints":{"allow":["GET"]}}],"collection":[{"href":"https:\/\/frenchpleinairpainters.com\/index.php\/wp-json\/wp\/v2\/pages"}],"about":[{"href":"https:\/\/frenchpleinairpainters.com\/index.php\/wp-json\/wp\/v2\/types\/page"}],"author":[{"embeddable":true,"href":"https:\/\/frenchpleinairpainters.com\/index.php\/wp-json\/wp\/v2\/users\/35"}],"replies":[{"embeddable":true,"href":"https:\/\/frenchpleinairpainters.com\/index.php\/wp-json\/wp\/v2\/comments?post=4788"}],"version-history":[{"count":64,"href":"https:\/\/frenchpleinairpainters.com\/index.php\/wp-json\/wp\/v2\/pages\/4788\/revisions"}],"predecessor-version":[{"id":4886,"href":"https:\/\/frenchpleinairpainters.com\/index.php\/wp-json\/wp\/v2\/pages\/4788\/revisions\/4886"}],"wp:attachment":[{"href":"https:\/\/frenchpleinairpainters.com\/index.php\/wp-json\/wp\/v2\/media?parent=4788"}],"curies":[{"name":"wp","href":"https:\/\/api.w.org\/{rel}","templated":true}]}}